{"id":16140,"date":"2021-12-06T20:55:49","date_gmt":"2021-12-06T18:55:49","guid":{"rendered":"https:\/\/sansushi.md\/produs\/voucher-300-3\/"},"modified":"2025-09-09T09:01:12","modified_gmt":"2025-09-09T06:01:12","slug":"voucher-300-3","status":"publish","type":"product","link":"https:\/\/test.sansushi.md\/en\/produs\/voucher-300-3\/","title":{"rendered":"Voucher 300"},"content":{"rendered":"<p>Regulament de tratare a voucherului:<\/p>\n<p>* Certificatul poate fi folosit doar in localul San Sushi sau la procurarea produselor pentru To Go, cu prezentarea Voucherului.<\/p>\n<p>* \u00cen cazul \u00een care valoarea m\u0103rfii alese este mai mic\u0103 dec\u00e2t valoarea nominal\u0103 a certificatului, diferen\u021ba nu include returnarea restului<br \/>\n r\u0103mas pe el.<\/p>\n<p>* Plata pentru marf\u0103 prin intermediul Certificatului cadou se efectueaz\u0103 o singur\u0103 dat\u0103, dup\u0103 care acest card r\u0103m\u00e2ne la v\u00e2nz\u0103tor drept o dovad\u0103 a pl\u0103\u021bii pentru marf\u0103 (produs).<\/p>\n<p>* \u00cen caz de pierdere a unui certificat cadou nu se elibereaz\u0103 un duplicat, valoarea nominal\u0103 a certificatului cadou nu se compenseaz\u0103.<\/p>\n<p>* La sf\u00e2r\u0219itul termenului de ac\u021biune certificat cadou nu este valabil \u0219i nu poate fi schimbat pe un produs<br \/>\n dup\u0103 finalizarea termenului s\u0103u de ac\u021biune.<\/p>\n<p>* La procurarea certificatului cadou, reducerea cu cardul de discount nu poate fi aplicata.<\/p>\n<p>Valabil 3 luni din data procurarii.<\/p>\n","protected":false},"excerpt":{"rendered":"<p>Regulament de tratare a voucherului: * Certificatul poate fi folosit doar in localul San Sushi sau la procurarea produselor pentru&#8230;<\/p>\n","protected":false},"featured_media":56115,"template":"","meta":[],"yoast_head":"<!-- This site is optimized with the Yoast SEO plugin v15.5 - https:\/\/yoast.com\/wordpress\/plugins\/seo\/ -->\n<title>Voucher 300 - SanSushi<\/title>\n<meta name=\"robots\" content=\"index, follow, max-snippet:-1, max-image-preview:large, max-video-preview:-1\" \/>\n<link rel=\"canonical\" href=\"https:\/\/test.sansushi.md\/en\/produs\/voucher-300\/\" \/>\n<meta property=\"og:locale\" content=\"en_US\" \/>\n<meta property=\"og:type\" content=\"article\" \/>\n<meta property=\"og:title\" content=\"Voucher 300 - SanSushi\" \/>\n<meta property=\"og:description\" content=\"Regulament de tratare a voucherului: * Certificatul poate fi folosit doar in localul San Sushi sau la procurarea produselor pentru...\" \/>\n<meta property=\"og:url\" content=\"https:\/\/test.sansushi.md\/produs\/voucher-300\/\" \/>\n<meta property=\"og:site_name\" content=\"SanSushi\" \/>\n<meta property=\"article:modified_time\" content=\"2025-09-09T06:01:12+00:00\" \/>\n<meta property=\"og:image\" content=\"https:\/\/test.sansushi.md\/wp-content\/uploads\/2021\/12\/b5c8bf71-3fad-4cbe-abb7-b453cc743406.jpg\" \/>\n\t<meta property=\"og:image:width\" content=\"550\" \/>\n\t<meta property=\"og:image:height\" content=\"367\" \/>\n<meta name=\"twitter:card\" content=\"summary_large_image\" \/>\n<meta name=\"twitter:label1\" content=\"Est. reading time\">\n\t<meta name=\"twitter:data1\" content=\"1 minute\">\n<script type=\"application\/ld+json\" class=\"yoast-schema-graph\">{\"@context\":\"https:\/\/schema.org\",\"@graph\":[{\"@type\":\"WebSite\",\"@id\":\"https:\/\/sansushi.md\/#website\",\"url\":\"https:\/\/sansushi.md\/\",\"name\":\"SanSushi\",\"description\":\"\",\"potentialAction\":[{\"@type\":\"SearchAction\",\"target\":\"https:\/\/sansushi.md\/?s={search_term_string}\",\"query-input\":\"required name=search_term_string\"}],\"inLanguage\":\"en-US\"},{\"@type\":\"ImageObject\",\"@id\":\"https:\/\/test.sansushi.md\/produs\/voucher-300\/#primaryimage\",\"inLanguage\":\"en-US\",\"url\":\"https:\/\/test.sansushi.md\/wp-content\/uploads\/2024\/12\/aaf75a90-f1a8-469c-94c1-e411b6d84ba4.jpg\",\"width\":550,\"height\":367},{\"@type\":\"WebPage\",\"@id\":\"https:\/\/test.sansushi.md\/produs\/voucher-300\/#webpage\",\"url\":\"https:\/\/test.sansushi.md\/produs\/voucher-300\/\",\"name\":\"Voucher 300 - SanSushi\",\"isPartOf\":{\"@id\":\"https:\/\/sansushi.md\/#website\"},\"primaryImageOfPage\":{\"@id\":\"https:\/\/test.sansushi.md\/produs\/voucher-300\/#primaryimage\"},\"datePublished\":\"2021-12-06T18:55:49+00:00\",\"dateModified\":\"2025-09-09T06:01:12+00:00\",\"inLanguage\":\"en-US\",\"potentialAction\":[{\"@type\":\"ReadAction\",\"target\":[\"https:\/\/test.sansushi.md\/produs\/voucher-300\/\"]}]}]}<\/script>\n<!-- \/ Yoast SEO plugin. -->","_links":{"self":[{"href":"https:\/\/test.sansushi.md\/en\/wp-json\/wp\/v2\/product\/16140"}],"collection":[{"href":"https:\/\/test.sansushi.md\/en\/wp-json\/wp\/v2\/product"}],"about":[{"href":"https:\/\/test.sansushi.md\/en\/wp-json\/wp\/v2\/types\/product"}],"wp:featuredmedia":[{"embeddable":true,"href":"https:\/\/test.sansushi.md\/en\/wp-json\/wp\/v2\/media\/56115"}],"wp:attachment":[{"href":"https:\/\/test.sansushi.md\/en\/wp-json\/wp\/v2\/media?parent=16140"}],"curies":[{"name":"wp","href":"https:\/\/api.w.org\/{rel}","templated":true}]}}